{"id":19,"date":"2022-09-28T13:18:50","date_gmt":"2022-09-28T13:18:50","guid":{"rendered":"https:\/\/schuenemann-ferienwohnung.de\/?page_id=19"},"modified":"2022-11-03T15:42:25","modified_gmt":"2022-11-03T15:42:25","slug":"galerie","status":"publish","type":"page","link":"https:\/\/schuenemann-ferienwohnung.de\/index.php\/galerie\/","title":{"rendered":"Wohnung"},"content":{"rendered":"<p>[et_pb_section fb_built=&#8220;1&#8243; _builder_version=&#8220;4.18.0&#8243; _module_preset=&#8220;default&#8220; background_color=&#8220;rgba(200,219,146,0.52)&#8220; background_enable_mask_style=&#8220;on&#8220; background_mask_style=&#8220;wave&#8220; background_mask_color=&#8220;rgba(167,206,105,0.63)&#8220; background_mask_transform=&#8220;invert&#8220; background_mask_aspect_ratio=&#8220;portrait&#8220; background_mask_blend_mode=&#8220;overlay&#8220; global_colors_info=&#8220;{}&#8220;][et_pb_row admin_label=&#8220;Headline&#8220; _builder_version=&#8220;4.18.0&#8243; _module_preset=&#8220;default&#8220; custom_margin=&#8220;|auto|-8px|auto||&#8220; global_colors_info=&#8220;{}&#8220;][et_pb_column type=&#8220;4_4&#8243; _builder_version=&#8220;4.18.0&#8243; _module_preset=&#8220;default&#8220; global_colors_info=&#8220;{}&#8220;][et_pb_text admin_label=&#8220;Text&#8220; _builder_version=&#8220;4.18.0&#8243; _module_preset=&#8220;default&#8220; custom_margin=&#8220;-10px||22px||false|false&#8220; global_colors_info=&#8220;{}&#8220;]<\/p>\n<h1><strong>Die **Ferienwohnung in Altenbeken<br \/><\/strong><\/h1>\n<p>[\/et_pb_text][et_pb_text admin_label=&#8220;Text&#8220; _builder_version=&#8220;4.18.0&#8243; _module_preset=&#8220;default&#8220; text_font_size=&#8220;16px&#8220; custom_margin=&#8220;-10px||-28px||false|false&#8220; global_colors_info=&#8220;{}&#8220;]<\/p>\n<p>Die Ferienwohnung liegt in einer ruhigen Seitenstra\u00dfe in Altenbeken.<\/p>\n<p>Die Wohnfl\u00e4che hat eine Gr\u00f6\u00dfe von etwa 70 m\u00b2, ist f\u00fcr 4 Personen eingerichtet und liegt im zweiten Obergeschoss.<\/p>\n<p>Der Bahnhof ist ca. 400 m entfernt.<\/p>\n<h1><strong>\u00a0<\/strong><\/h1>\n<p>[\/et_pb_text][\/et_pb_column][\/et_pb_row][et_pb_row column_structure=&#8220;1_2,1_2&#8243; admin_label=&#8220;Headline&#8220; _builder_version=&#8220;4.18.0&#8243; _module_preset=&#8220;default&#8220; custom_margin=&#8220;|auto|-8px|auto||&#8220; global_colors_info=&#8220;{}&#8220;][et_pb_column type=&#8220;1_2&#8243; _builder_version=&#8220;4.18.0&#8243; _module_preset=&#8220;default&#8220; global_colors_info=&#8220;{}&#8220;][et_pb_text admin_label=&#8220;Text&#8220; _builder_version=&#8220;4.18.0&#8243; _module_preset=&#8220;default&#8220; text_font_size=&#8220;16px&#8220; min_height=&#8220;275.6px&#8220; custom_margin=&#8220;-10px||-28px||false|false&#8220; custom_padding=&#8220;40px||27px|||&#8220; global_colors_info=&#8220;{}&#8220;]<\/p>\n<p><strong>Die ** Ferienwohnung verf\u00fcgt \u00fcber:<\/strong><\/p>\n<p>\u2022 2 Schlafzimmer<\/p>\n<p>\u2022 1 Wohn- \/ Esszimmer<\/p>\n<p>\u2022 1 K\u00fcche<\/p>\n<p>\u2022 1 Dusche \/ WC<\/p>\n<p>\u2022 1 Balkon \/ Dachterrasse<\/p>\n<p>Die Wohnung bietet Platz f\u00fcr bis zu 4 Personen.<br \/>F\u00fcr Kinder steht ein Zustellbett zur Verf\u00fcgung.<br \/>Die gesamte Wohnung ist mit Korkboden ausgelegt. <br \/>Die aktuelle Preis\u00fcbersicht finden Sie <a href=\"https:\/\/schuenemann-ferienwohnung.de\/index.php\/galerie\/317-2\/\"><strong>hier &gt;&gt;&gt;<\/strong><\/a><\/p>\n<h1><strong>\u00a0<\/strong><\/h1>\n<p>[\/et_pb_text][\/et_pb_column][et_pb_column type=&#8220;1_2&#8243; _builder_version=&#8220;4.18.0&#8243; _module_preset=&#8220;default&#8220; global_colors_info=&#8220;{}&#8220;][et_pb_image src=&#8220;https:\/\/schuenemann-ferienwohnung.de\/wp-content\/uploads\/2022\/10\/grundriss_neu.png&#8220; alt=&#8220;Grundriss-Wohnung&#8220; title_text=&#8220;Grundriss-Ferienwohnung-Schuenemann&#8220; _builder_version=&#8220;4.18.0&#8243; _module_preset=&#8220;default&#8220; background_color=&#8220;RGBA(255,255,255,0)&#8220; global_colors_info=&#8220;{}&#8220; transform_styles__hover_enabled=&#8220;on|hover&#8220; transform_scale__hover_enabled=&#8220;on|hover&#8220; transform_translate__hover_enabled=&#8220;on|desktop&#8220; transform_rotate__hover_enabled=&#8220;on|desktop&#8220; transform_skew__hover_enabled=&#8220;on|desktop&#8220; transform_origin__hover_enabled=&#8220;on|desktop&#8220; transform_scale__hover=&#8220;150%|150%&#8220;][\/et_pb_image][\/et_pb_column][\/et_pb_row][et_pb_row _builder_version=&#8220;4.18.0&#8243; _module_preset=&#8220;default&#8220; global_colors_info=&#8220;{}&#8220;][et_pb_column type=&#8220;4_4&#8243; _builder_version=&#8220;4.18.0&#8243; _module_preset=&#8220;default&#8220; global_colors_info=&#8220;{}&#8220;][et_pb_divider color=&#8220;#12876f&#8220; _builder_version=&#8220;4.18.0&#8243; _module_preset=&#8220;default&#8220; global_colors_info=&#8220;{}&#8220;][\/et_pb_divider][\/et_pb_column][\/et_pb_row][et_pb_row _builder_version=&#8220;4.18.0&#8243; _module_preset=&#8220;default&#8220; custom_padding=&#8220;0px|||||&#8220; global_colors_info=&#8220;{}&#8220;][et_pb_column type=&#8220;4_4&#8243; _builder_version=&#8220;4.18.0&#8243; _module_preset=&#8220;default&#8220; global_colors_info=&#8220;{}&#8220;][et_pb_text admin_label=&#8220;Text&#8220; _builder_version=&#8220;4.18.0&#8243; _module_preset=&#8220;default&#8220; global_colors_info=&#8220;{}&#8220;]<\/p>\n<h2 style=\"text-align: center;\"><strong>Wohn- und Esszimmer<\/strong><\/h2>\n<p>[\/et_pb_text][\/et_pb_column][\/et_pb_row][et_pb_row column_structure=&#8220;1_2,1_2&#8243; admin_label=&#8220;Fotos-WZ&#8220; _builder_version=&#8220;4.18.0&#8243; _module_preset=&#8220;default&#8220; custom_margin=&#8220;-36px|auto||auto||&#8220; global_colors_info=&#8220;{}&#8220;][et_pb_column type=&#8220;1_2&#8243; _builder_version=&#8220;4.18.0&#8243; _module_preset=&#8220;default&#8220; global_colors_info=&#8220;{}&#8220;][et_pb_blurb title=&#8220;Wohnzimmer mit Sofasitzecke&#8220; image=&#8220;https:\/\/schuenemann-ferienwohnung.de\/wp-content\/uploads\/2022\/10\/IMG_0324.png&#8220; alt=&#8220;Wohnzimmer&#8220; image_icon_width=&#8220;100%&#8220; icon_alignment=&#8220;left&#8220; _builder_version=&#8220;4.18.0&#8243; _module_preset=&#8220;default&#8220; header_text_color=&#8220;#000000&#8243; background_color=&#8220;RGBA(255,255,255,0)&#8220; image_icon_custom_padding=&#8220;0px||||false|false&#8220; transform_scale_tablet=&#8220;&#8220; transform_scale_phone=&#8220;&#8220; transform_scale_last_edited=&#8220;on|desktop&#8220; transform_translate_tablet=&#8220;&#8220; transform_translate_phone=&#8220;&#8220; transform_translate_last_edited=&#8220;on|desktop&#8220; transform_translate_linked__hover=&#8220;off&#8220; transform_rotate_tablet=&#8220;&#8220; transform_rotate_phone=&#8220;&#8220; transform_rotate_last_edited=&#8220;on|desktop&#8220; transform_skew_tablet=&#8220;&#8220; transform_skew_phone=&#8220;&#8220; transform_skew_last_edited=&#8220;on|desktop&#8220; transform_origin_tablet=&#8220;&#8220; transform_origin_phone=&#8220;&#8220; transform_origin_last_edited=&#8220;on|desktop&#8220; transform_styles_last_edited=&#8220;on|desktop&#8220; custom_padding=&#8220;0px|||0px|false|false&#8220; transform_styles_tablet=&#8220;&#8220; transform_styles_phone=&#8220;&#8220; border_radii_image=&#8220;on|10px|10px|10px|10px&#8220; global_colors_info=&#8220;{}&#8220; transform_styles__hover_enabled=&#8220;on|hover&#8220; transform_scale__hover_enabled=&#8220;on|desktop&#8220; transform_translate__hover_enabled=&#8220;on|hover&#8220; transform_rotate__hover_enabled=&#8220;on|desktop&#8220; transform_skew__hover_enabled=&#8220;on|desktop&#8220; transform_origin__hover_enabled=&#8220;on|desktop&#8220;]<\/p>\n<p>Das Wohnzimmer ist mit einem sch\u00f6nen und bequemen Sofasitzbereich und einem kleinen Couchtisch ausgestattet. Im Wohnzimmer gibt es einen Flachbildfernseher mit eingebautem DVD Player, sowie einer Musikanlage. Vom Wohnzimmer gelangen Sie direkt auf die Dachterrasse.<\/p>\n<p>[\/et_pb_blurb][\/et_pb_column][et_pb_column type=&#8220;1_2&#8243; _builder_version=&#8220;4.18.0&#8243; _module_preset=&#8220;default&#8220; global_colors_info=&#8220;{}&#8220;][et_pb_blurb title=&#8220;Essbereich im Wohnraum&#8220; image=&#8220;https:\/\/schuenemann-ferienwohnung.de\/wp-content\/uploads\/2022\/10\/IMG_0486.png&#8220; alt=&#8220;Esstisch&#8220; image_icon_width=&#8220;100%&#8220; _builder_version=&#8220;4.18.0&#8243; _module_preset=&#8220;default&#8220; header_text_color=&#8220;#000000&#8243; background_color=&#8220;RGBA(255,255,255,0)&#8220; image_icon_custom_padding=&#8220;0px||||false|false&#8220; custom_padding=&#8220;0px|||0px|false|false&#8220; border_radii_image=&#8220;on|10px|10px|10px|10px&#8220; box_shadow_style_image=&#8220;preset2&#8243; global_colors_info=&#8220;{}&#8220; transform_styles__hover_enabled=&#8220;on|hover&#8220; transform_scale__hover_enabled=&#8220;on|hover&#8220; transform_translate__hover_enabled=&#8220;on|desktop&#8220; transform_rotate__hover_enabled=&#8220;on|desktop&#8220; transform_skew__hover_enabled=&#8220;on|desktop&#8220; transform_origin__hover_enabled=&#8220;on|desktop&#8220;]<\/p>\n<p>Der Essbereich befindet sich ebenfalls im Wohnzimmer. Hier steht Ihnen ein runder Esstisch mit 4 bequemen St\u00fchlen bereit.<\/p>\n<p>[\/et_pb_blurb][\/et_pb_column][\/et_pb_row][et_pb_row admin_label=&#8220;Zeile&#8220; _builder_version=&#8220;4.18.0&#8243; _module_preset=&#8220;default&#8220; global_colors_info=&#8220;{}&#8220;][et_pb_column type=&#8220;4_4&#8243; _builder_version=&#8220;4.18.0&#8243; _module_preset=&#8220;default&#8220; global_colors_info=&#8220;{}&#8220;][et_pb_divider color=&#8220;#12876f&#8220; _builder_version=&#8220;4.18.0&#8243; _module_preset=&#8220;default&#8220; global_colors_info=&#8220;{}&#8220;][\/et_pb_divider][et_pb_text admin_label=&#8220;Text&#8220; _builder_version=&#8220;4.18.0&#8243; _module_preset=&#8220;default&#8220; global_colors_info=&#8220;{}&#8220;]<\/p>\n<h2 style=\"text-align: center;\"><strong>Die Schlafzimmer<\/strong><\/h2>\n<p>[\/et_pb_text][\/et_pb_column][\/et_pb_row][et_pb_row column_structure=&#8220;1_2,1_2&#8243; admin_label=&#8220;Fotos-WZ&#8220; _builder_version=&#8220;4.18.0&#8243; _module_preset=&#8220;default&#8220; custom_margin=&#8220;-36px|auto||auto||&#8220; global_colors_info=&#8220;{}&#8220;][et_pb_column type=&#8220;1_2&#8243; _builder_version=&#8220;4.18.0&#8243; _module_preset=&#8220;default&#8220; global_colors_info=&#8220;{}&#8220;][et_pb_blurb title=&#8220;Schlafzimmer 1&#8243; image=&#8220;https:\/\/schuenemann-ferienwohnung.de\/wp-content\/uploads\/2022\/10\/IMG_0678.png&#8220; alt=&#8220;Doppelbett&#8220; image_icon_width=&#8220;100%&#8220; _builder_version=&#8220;4.18.0&#8243; _module_preset=&#8220;default&#8220; header_text_color=&#8220;#000000&#8243; image_icon_custom_padding=&#8220;0px||||false|false&#8220; custom_padding=&#8220;0px|||0px|false|false&#8220; border_radii_image=&#8220;on|10px|10px|10px|10px&#8220; box_shadow_style_image=&#8220;preset2&#8243; global_colors_info=&#8220;{}&#8220; transform_styles__hover_enabled=&#8220;on|hover&#8220; transform_scale__hover_enabled=&#8220;on|hover&#8220; transform_translate__hover_enabled=&#8220;on|desktop&#8220; transform_rotate__hover_enabled=&#8220;on|desktop&#8220; transform_skew__hover_enabled=&#8220;on|desktop&#8220; transform_origin__hover_enabled=&#8220;on|desktop&#8220;]<\/p>\n<p>Das gro\u00dfe Schlafzimmer ist mit einem Doppelbett ausgestattet.<br \/>Kinderbett und Hochstuhl steht Ihnen kostenfrei zur Verf\u00fcgung.<br \/>Im\u00a0 Schrank befindet sich zudem auch ein kleiner Safe.<\/p>\n<p>[\/et_pb_blurb][\/et_pb_column][et_pb_column type=&#8220;1_2&#8243; _builder_version=&#8220;4.18.0&#8243; _module_preset=&#8220;default&#8220; global_colors_info=&#8220;{}&#8220;][et_pb_blurb title=&#8220;Schlafzimmer 2&#8243; image=&#8220;https:\/\/schuenemann-ferienwohnung.de\/wp-content\/uploads\/2022\/10\/IMG_0493.png&#8220; alt=&#8220;Betten&#8220; image_icon_width=&#8220;100%&#8220; _builder_version=&#8220;4.18.0&#8243; _module_preset=&#8220;default&#8220; header_text_color=&#8220;#000000&#8243; image_icon_custom_padding=&#8220;0px||||false|false&#8220; custom_padding=&#8220;0px|||0px|false|false&#8220; border_radii_image=&#8220;on|10px|10px|10px|10px&#8220; box_shadow_style_image=&#8220;preset2&#8243; global_colors_info=&#8220;{}&#8220; transform_styles__hover_enabled=&#8220;on|hover&#8220; transform_scale__hover_enabled=&#8220;on|hover&#8220; transform_translate__hover_enabled=&#8220;on|desktop&#8220; transform_rotate__hover_enabled=&#8220;on|desktop&#8220; transform_skew__hover_enabled=&#8220;on|desktop&#8220; transform_origin__hover_enabled=&#8220;on|desktop&#8220;]<\/p>\n<p>Das kleinere Schlafzimmer ist mit zwei Einzelbetten ausgestattet.<br \/>Beide Schlafzimmer sind auch mit einer SAT- Fernsehanlage ausgestattet.<\/p>\n<p>[\/et_pb_blurb][\/et_pb_column][\/et_pb_row][et_pb_row admin_label=&#8220;Zeile&#8220; _builder_version=&#8220;4.18.0&#8243; _module_preset=&#8220;default&#8220; global_colors_info=&#8220;{}&#8220;][et_pb_column type=&#8220;4_4&#8243; _builder_version=&#8220;4.18.0&#8243; _module_preset=&#8220;default&#8220; global_colors_info=&#8220;{}&#8220;][et_pb_divider color=&#8220;#12876f&#8220; _builder_version=&#8220;4.18.0&#8243; _module_preset=&#8220;default&#8220; global_colors_info=&#8220;{}&#8220;][\/et_pb_divider][\/et_pb_column][\/et_pb_row][et_pb_row _builder_version=&#8220;4.18.0&#8243; _module_preset=&#8220;default&#8220; global_colors_info=&#8220;{}&#8220;][et_pb_column type=&#8220;4_4&#8243; _builder_version=&#8220;4.18.0&#8243; _module_preset=&#8220;default&#8220; global_colors_info=&#8220;{}&#8220;][et_pb_text admin_label=&#8220;Text&#8220; _builder_version=&#8220;4.18.0&#8243; _module_preset=&#8220;default&#8220; global_colors_info=&#8220;{}&#8220;]<\/p>\n<h2 style=\"text-align: center;\"><strong>K\u00fcche und Bad<\/strong><\/h2>\n<p>[\/et_pb_text][\/et_pb_column][\/et_pb_row][et_pb_row column_structure=&#8220;1_2,1_2&#8243; admin_label=&#8220;Fotos-WZ&#8220; _builder_version=&#8220;4.18.0&#8243; _module_preset=&#8220;default&#8220; custom_margin=&#8220;-36px|auto||auto||&#8220; global_colors_info=&#8220;{}&#8220;][et_pb_column type=&#8220;1_2&#8243; _builder_version=&#8220;4.18.0&#8243; _module_preset=&#8220;default&#8220; global_colors_info=&#8220;{}&#8220;][et_pb_blurb title=&#8220;K\u00fcche&#8220; image=&#8220;https:\/\/schuenemann-ferienwohnung.de\/wp-content\/uploads\/2022\/10\/PICT1373-kueche.png&#8220; alt=&#8220;K\u00fcche&#8220; image_icon_width=&#8220;100%&#8220; _builder_version=&#8220;4.18.0&#8243; _module_preset=&#8220;default&#8220; header_text_color=&#8220;#000000&#8243; image_icon_custom_padding=&#8220;0px||||false|false&#8220; custom_padding=&#8220;0px|||0px|false|false&#8220; border_radii_image=&#8220;on|10px|10px|10px|10px&#8220; box_shadow_style_image=&#8220;preset2&#8243; global_colors_info=&#8220;{}&#8220; transform_styles__hover_enabled=&#8220;on|hover&#8220; transform_scale__hover_enabled=&#8220;on|hover&#8220; transform_translate__hover_enabled=&#8220;on|desktop&#8220; transform_rotate__hover_enabled=&#8220;on|desktop&#8220; transform_skew__hover_enabled=&#8220;on|desktop&#8220; transform_origin__hover_enabled=&#8220;on|desktop&#8220;]<\/p>\n<p>Die K\u00fcche ist voll ausgestattet. Sie bietet neben einem Geschirrsp\u00fcler, auch eine K\u00fchl-und Gefrierschrankkombination. Neben weiteren Ger\u00e4ten, wie Kaffeemaschine, Wasserkocher, etc.\u00a0 steht auch eine Mikrowelle zur Verf\u00fcgung.<\/p>\n<p>[\/et_pb_blurb][\/et_pb_column][et_pb_column type=&#8220;1_2&#8243; _builder_version=&#8220;4.18.0&#8243; _module_preset=&#8220;default&#8220; global_colors_info=&#8220;{}&#8220;][et_pb_blurb title=&#8220;Badezimmer&#8220; image=&#8220;https:\/\/schuenemann-ferienwohnung.de\/wp-content\/uploads\/2022\/10\/IMG_0500.png&#8220; alt=&#8220;Badezimmer&#8220; image_icon_width=&#8220;100%&#8220; _builder_version=&#8220;4.18.0&#8243; _module_preset=&#8220;default&#8220; header_text_color=&#8220;#000000&#8243; image_icon_custom_padding=&#8220;0px||||false|false&#8220; custom_padding=&#8220;0px|||0px|false|false&#8220; border_radii_image=&#8220;on|10px|10px|10px|10px&#8220; box_shadow_style_image=&#8220;preset2&#8243; global_colors_info=&#8220;{}&#8220; transform_styles__hover_enabled=&#8220;on|hover&#8220; transform_scale__hover_enabled=&#8220;on|hover&#8220; transform_translate__hover_enabled=&#8220;on|desktop&#8220; transform_rotate__hover_enabled=&#8220;on|desktop&#8220; transform_skew__hover_enabled=&#8220;on|desktop&#8220; transform_origin__hover_enabled=&#8220;on|desktop&#8220;]<\/p>\n<p>Das Bad ist mit Dusche und WC ausgestattet. Zudem steht eine Waschmaschine zur Verf\u00fcgung.<\/p>\n<p>[\/et_pb_blurb][\/et_pb_column][\/et_pb_row][et_pb_row _builder_version=&#8220;4.18.0&#8243; _module_preset=&#8220;default&#8220; global_colors_info=&#8220;{}&#8220;][et_pb_column type=&#8220;4_4&#8243; _builder_version=&#8220;4.18.0&#8243; _module_preset=&#8220;default&#8220; global_colors_info=&#8220;{}&#8220;][et_pb_divider color=&#8220;#12876f&#8220; _builder_version=&#8220;4.18.0&#8243; _module_preset=&#8220;default&#8220; global_colors_info=&#8220;{}&#8220;][\/et_pb_divider][et_pb_text admin_label=&#8220;Text&#8220; _builder_version=&#8220;4.18.0&#8243; _module_preset=&#8220;default&#8220; custom_margin=&#8220;-10px||-28px||false|false&#8220; global_colors_info=&#8220;{}&#8220;]<\/p>\n<h1 style=\"text-align: center;\"><strong>Ausstattungsmerkmale<br \/><\/strong><\/h1>\n<p>[\/et_pb_text][\/et_pb_column][\/et_pb_row][et_pb_row column_structure=&#8220;1_3,1_3,1_3&#8243; _builder_version=&#8220;4.18.0&#8243; _module_preset=&#8220;default&#8220; global_colors_info=&#8220;{}&#8220;][et_pb_column type=&#8220;1_3&#8243; _builder_version=&#8220;4.18.0&#8243; _module_preset=&#8220;default&#8220; global_colors_info=&#8220;{}&#8220;][et_pb_text _builder_version=&#8220;4.18.0&#8243; _module_preset=&#8220;default&#8220; global_colors_info=&#8220;{}&#8220;]<\/p>\n<p>Neben der <strong>Terrasse<\/strong> steht unseren G\u00e4sten auch eine <strong>Liegewiese<\/strong>, <strong>Liegest\u00fchle<\/strong> und auch <strong>Grillm\u00f6glichkeit<\/strong> zur Verf\u00fcgung. F\u00fcr unsere kleinen G\u00e4ste, steht auch, bei Bedarf, <strong>Kinderspielzeug<\/strong> zur Verf\u00fcgung.<\/p>\n<p>[\/et_pb_text][\/et_pb_column][et_pb_column type=&#8220;1_3&#8243; _builder_version=&#8220;4.18.0&#8243; _module_preset=&#8220;default&#8220; global_colors_info=&#8220;{}&#8220;][et_pb_text _builder_version=&#8220;4.18.0&#8243; _module_preset=&#8220;default&#8220; global_colors_info=&#8220;{}&#8220;]<\/p>\n<p><strong>Parkpl\u00e4tze<\/strong> stehen kostenfrei am Haus zur Verf\u00fcgung. <strong>Hunde<\/strong> sind nach Absprache erlaubt (2,-\u20acuro pro \u00dcbernachtung, je Tier). Das <strong>WLAN<\/strong> steht Ihnen ebenfalls kostenfrei zur Verf\u00fcgung. Au\u00dferdem ist im Wohn\/Esszimmer ein <strong>Fachbild-TV<\/strong> mit intergr. <strong>DVD Player<\/strong> vorhanden.<\/p>\n<p>[\/et_pb_text][\/et_pb_column][et_pb_column type=&#8220;1_3&#8243; _builder_version=&#8220;4.18.0&#8243; _module_preset=&#8220;default&#8220; global_colors_info=&#8220;{}&#8220;][et_pb_text _builder_version=&#8220;4.18.0&#8243; _module_preset=&#8220;default&#8220; global_colors_info=&#8220;{}&#8220;]<\/p>\n<p>Die Wohnung verf\u00fcgt \u00fcber eine vollausgestattete K\u00fcche mit <strong>Herd\/Backofen<\/strong> und einem<strong> Geschirrsp\u00fcler<\/strong>. <strong>Bettw\u00e4sche<\/strong> und <strong>Handt\u00fccher<\/strong> sind ebenfalls vorhanden. Zudem steht eine <strong>Waschmaschine<\/strong> (im Badezimmer) zur Verf\u00fcgung.<\/p>\n<p>[\/et_pb_text][\/et_pb_column][\/et_pb_row][et_pb_row _builder_version=&#8220;4.18.0&#8243; _module_preset=&#8220;default&#8220; global_colors_info=&#8220;{}&#8220;][et_pb_column type=&#8220;4_4&#8243; _builder_version=&#8220;4.18.0&#8243; _module_preset=&#8220;default&#8220; global_colors_info=&#8220;{}&#8220;][et_pb_image src=&#8220;https:\/\/schuenemann-ferienwohnung.de\/wp-content\/uploads\/2022\/10\/logo-sammlung-2.png&#8220; alt=&#8220;Logos &#8220; title_text=&#8220;Logos-Feerienwohnung Sch\u00fcnemann&#8220; align=&#8220;center&#8220; _builder_version=&#8220;4.18.0&#8243; _module_preset=&#8220;default&#8220; global_colors_info=&#8220;{}&#8220;][\/et_pb_image][\/et_pb_column][\/et_pb_row][\/et_pb_section]<\/p>\n","protected":false},"excerpt":{"rendered":"<p>Die **Ferienwohnung in AltenbekenDie Ferienwohnung liegt in einer ruhigen Seitenstra\u00dfe in Altenbeken. Die Wohnfl\u00e4che hat eine Gr\u00f6\u00dfe von etwa 70 m\u00b2, ist f\u00fcr 4 Personen eingerichtet und liegt im zweiten Obergeschoss. Der Bahnhof ist ca. 400 m entfernt. \u00a0Die ** Ferienwohnung verf\u00fcgt \u00fcber: \u2022 2 Schlafzimmer \u2022 1 Wohn- \/ Esszimmer \u2022 1 K\u00fcche \u2022 [&hellip;]<\/p>\n","protected":false},"author":2,"featured_media":0,"parent":0,"menu_order":2,"comment_status":"closed","ping_status":"closed","template":"","meta":{"_et_pb_use_builder":"on","_et_pb_old_content":"","_et_gb_content_width":"","footnotes":""},"class_list":["post-19","page","type-page","status-publish","hentry"],"_links":{"self":[{"href":"https:\/\/schuenemann-ferienwohnung.de\/index.php\/wp-json\/wp\/v2\/pages\/19","targetHints":{"allow":["GET"]}}],"collection":[{"href":"https:\/\/schuenemann-ferienwohnung.de\/index.php\/wp-json\/wp\/v2\/pages"}],"about":[{"href":"https:\/\/schuenemann-ferienwohnung.de\/index.php\/wp-json\/wp\/v2\/types\/page"}],"author":[{"embeddable":true,"href":"https:\/\/schuenemann-ferienwohnung.de\/index.php\/wp-json\/wp\/v2\/users\/2"}],"replies":[{"embeddable":true,"href":"https:\/\/schuenemann-ferienwohnung.de\/index.php\/wp-json\/wp\/v2\/comments?post=19"}],"version-history":[{"count":117,"href":"https:\/\/schuenemann-ferienwohnung.de\/index.php\/wp-json\/wp\/v2\/pages\/19\/revisions"}],"predecessor-version":[{"id":1136,"href":"https:\/\/schuenemann-ferienwohnung.de\/index.php\/wp-json\/wp\/v2\/pages\/19\/revisions\/1136"}],"wp:attachment":[{"href":"https:\/\/schuenemann-ferienwohnung.de\/index.php\/wp-json\/wp\/v2\/media?parent=19"}],"curies":[{"name":"wp","href":"https:\/\/api.w.org\/{rel}","templated":true}]}}