{"id":317,"date":"2022-10-11T12:33:30","date_gmt":"2022-10-11T12:33:30","guid":{"rendered":"https:\/\/schuenemann-ferienwohnung.de\/?page_id=317"},"modified":"2025-03-19T09:33:23","modified_gmt":"2025-03-19T09:33:23","slug":"317-2","status":"publish","type":"page","link":"https:\/\/schuenemann-ferienwohnung.de\/index.php\/galerie\/317-2\/","title":{"rendered":"Preise"},"content":{"rendered":"<p>[et_pb_section fb_built=&#8220;1&#8243; _builder_version=&#8220;4.18.0&#8243; _module_preset=&#8220;default&#8220; background_color=&#8220;rgba(200,219,146,0.52)&#8220; background_enable_mask_style=&#8220;on&#8220; background_mask_style=&#8220;diagonal&#8220; background_mask_color=&#8220;rgba(167,206,105,0.63)&#8220; background_mask_transform=&#8220;invert&#8220; background_mask_aspect_ratio=&#8220;portrait&#8220; background_mask_blend_mode=&#8220;overlay&#8220; custom_padding=&#8220;||0px|||&#8220; global_colors_info=&#8220;{}&#8220;][et_pb_row _builder_version=&#8220;4.18.0&#8243; _module_preset=&#8220;default&#8220; global_colors_info=&#8220;{}&#8220;][et_pb_column type=&#8220;4_4&#8243; _builder_version=&#8220;4.18.0&#8243; _module_preset=&#8220;default&#8220; global_colors_info=&#8220;{}&#8220;][et_pb_text _builder_version=&#8220;4.18.0&#8243; _module_preset=&#8220;default&#8220; locked=&#8220;off&#8220; global_colors_info=&#8220;{}&#8220;]<\/p>\n<h1><strong>Preis\u00fcbersicht<br \/><\/strong><\/h1>\n<p>[\/et_pb_text][et_pb_text _builder_version=&#8220;4.18.0&#8243; _module_preset=&#8220;default&#8220; text_font_size=&#8220;16px&#8220; locked=&#8220;off&#8220; global_colors_info=&#8220;{}&#8220;]<\/p>\n<p>Nachstehend finden Sie unsere aktuelle Preis\u00fcbersicht. Die angegebenen Preise beinhalten die ges. MwSt.<br \/>F\u00fcr Buchungsanfragen nutzen Sie bitte unser <a href=\"https:\/\/schuenemann-ferienwohnung.de\/index.php\/kontakt-und-anfrage\/\"><strong>Kontaktformula<\/strong>r\u00a0<\/a> oder rufen Sie uns einfach an:<br \/><strong>Telefon: 0049 5255 6975\u00a0 &#8211;\u00a0 <\/strong><strong>Mobil: 0049 151 57444925<\/strong><\/p>\n<p>[\/et_pb_text][\/et_pb_column][\/et_pb_row][et_pb_row column_structure=&#8220;1_4,1_4,1_4,1_4&#8243; _builder_version=&#8220;4.18.0&#8243; _module_preset=&#8220;default&#8220; custom_margin=&#8220;|auto|33px|auto||&#8220; global_colors_info=&#8220;{}&#8220;][et_pb_column type=&#8220;1_4&#8243; _builder_version=&#8220;4.18.0&#8243; _module_preset=&#8220;default&#8220; global_colors_info=&#8220;{}&#8220;][et_pb_pricing_tables show_bullet=&#8220;off&#8220; _builder_version=&#8220;4.18.0&#8243; _module_preset=&#8220;default&#8220; price_font=&#8220;|600|||||||&#8220; price_font_size=&#8220;70px&#8220; currency_frequency_font=&#8220;|600|||||||&#8220; currency_frequency_font_size=&#8220;28px&#8220; background_color=&#8220;#FFFFFF&#8220; border_radii=&#8220;on|10px|10px|10px|10px&#8220; global_colors_info=&#8220;{}&#8220;][et_pb_pricing_table title=&#8220;Eine Person&#8220; subtitle=&#8220;pro Nacht&#8220; currency=&#8220;\u20ac&#8220; sum=&#8220;60,-&#8220; price_background_color=&#8220;RGBA(255,255,255,0)&#8220; header_background_color=&#8220;#12876F&#8220; _builder_version=&#8220;4.18.0&#8243; _module_preset=&#8220;default&#8220; price_text_color=&#8220;#000000&#8243; header_level=&#8220;h2&#8243; header_font=&#8220;|600|||||||&#8220; price_font=&#8220;||||||||&#8220; price_font_size=&#8220;50px&#8220; currency_frequency_font=&#8220;|600|||||||&#8220; global_colors_info=&#8220;{}&#8220; sticky_transition=&#8220;on&#8220;]<\/p>\n<p>Der Preis gilt pro \u00dcbernachtung, bei Belegung <strong>einer Einzelperson<\/strong>. Endreinigung inbegriffen. Alle Preisangaben inkl. ges. MwSt.<\/p>\n<p>[\/et_pb_pricing_table][\/et_pb_pricing_tables][\/et_pb_column][et_pb_column type=&#8220;1_4&#8243; _builder_version=&#8220;4.18.0&#8243; _module_preset=&#8220;default&#8220; global_colors_info=&#8220;{}&#8220;][et_pb_pricing_tables show_bullet=&#8220;off&#8220; _builder_version=&#8220;4.18.0&#8243; _module_preset=&#8220;default&#8220; price_font=&#8220;|600|||||||&#8220; price_font_size=&#8220;70px&#8220; currency_frequency_font=&#8220;|600|||||||&#8220; currency_frequency_font_size=&#8220;28px&#8220; background_color=&#8220;#FFFFFF&#8220; border_radii=&#8220;on|10px|10px|10px|10px&#8220; locked=&#8220;off&#8220; global_colors_info=&#8220;{}&#8220;][et_pb_pricing_table title=&#8220;Zwei Personen&#8220; subtitle=&#8220;pro Nacht&#8220; currency=&#8220;\u20ac&#8220; sum=&#8220;75,-&#8220; price_background_color=&#8220;RGBA(255,255,255,0)&#8220; header_background_color=&#8220;#12876F&#8220; _builder_version=&#8220;4.18.0&#8243; _module_preset=&#8220;default&#8220; price_text_color=&#8220;#000000&#8243; header_level=&#8220;h2&#8243; header_font=&#8220;|600|||||||&#8220; price_font=&#8220;||||||||&#8220; price_font_size=&#8220;50px&#8220; currency_frequency_font=&#8220;|600|||||||&#8220; global_colors_info=&#8220;{}&#8220; sticky_transition=&#8220;on&#8220;]<\/p>\n<p>Der Preis gilt pro \u00dcbernachtung, bei Belegung von <strong>zwei Personen<\/strong>. Endreinigung inbegriffen. Alle Preisangaben inkl. ges. MwSt.<\/p>\n<p>[\/et_pb_pricing_table][\/et_pb_pricing_tables][\/et_pb_column][et_pb_column type=&#8220;1_4&#8243; _builder_version=&#8220;4.18.0&#8243; _module_preset=&#8220;default&#8220; global_colors_info=&#8220;{}&#8220;][et_pb_pricing_tables show_bullet=&#8220;off&#8220; _builder_version=&#8220;4.18.0&#8243; _module_preset=&#8220;default&#8220; price_font=&#8220;|600|||||||&#8220; price_font_size=&#8220;70px&#8220; currency_frequency_font=&#8220;|600|||||||&#8220; currency_frequency_font_size=&#8220;28px&#8220; background_color=&#8220;#FFFFFF&#8220; border_radii=&#8220;on|10px|10px|10px|10px&#8220; locked=&#8220;off&#8220; global_colors_info=&#8220;{}&#8220;][et_pb_pricing_table title=&#8220;Drei Personen&#8220; subtitle=&#8220;pro Nacht&#8220; currency=&#8220;\u20ac&#8220; sum=&#8220;90,-&#8220; price_background_color=&#8220;RGBA(255,255,255,0)&#8220; header_background_color=&#8220;#12876F&#8220; _builder_version=&#8220;4.18.0&#8243; _module_preset=&#8220;default&#8220; price_text_color=&#8220;#000000&#8243; header_level=&#8220;h2&#8243; header_font=&#8220;|600|||||||&#8220; price_font=&#8220;||||||||&#8220; price_font_size=&#8220;50px&#8220; currency_frequency_font=&#8220;|600|||||||&#8220; global_colors_info=&#8220;{}&#8220; sticky_transition=&#8220;on&#8220;]<\/p>\n<p>Der Preis gilt pro \u00dcbernachtung, bei Belegung von<strong> drei Personen<\/strong>. Endreinigung inbegriffen. Alle Preisangaben inkl. ges. MwSt.<\/p>\n<p>[\/et_pb_pricing_table][\/et_pb_pricing_tables][\/et_pb_column][et_pb_column type=&#8220;1_4&#8243; _builder_version=&#8220;4.18.0&#8243; _module_preset=&#8220;default&#8220; global_colors_info=&#8220;{}&#8220;][et_pb_pricing_tables show_bullet=&#8220;off&#8220; _builder_version=&#8220;4.18.0&#8243; _module_preset=&#8220;default&#8220; price_font=&#8220;|600|||||||&#8220; price_font_size=&#8220;70px&#8220; currency_frequency_font=&#8220;|600|||||||&#8220; currency_frequency_font_size=&#8220;28px&#8220; background_color=&#8220;#FFFFFF&#8220; border_radii=&#8220;on|10px|10px|10px|10px&#8220; locked=&#8220;off&#8220; global_colors_info=&#8220;{}&#8220;][et_pb_pricing_table title=&#8220;Vier Personen&#8220; subtitle=&#8220;pro Nacht&#8220; currency=&#8220;\u20ac&#8220; sum=&#8220;100,-&#8220; price_background_color=&#8220;RGBA(255,255,255,0)&#8220; header_background_color=&#8220;#12876F&#8220; _builder_version=&#8220;4.18.0&#8243; _module_preset=&#8220;default&#8220; price_text_color=&#8220;#000000&#8243; header_level=&#8220;h2&#8243; header_font=&#8220;|600|||||||&#8220; price_font=&#8220;||||||||&#8220; price_font_size=&#8220;50px&#8220; currency_frequency_font=&#8220;|600|||||||&#8220; global_colors_info=&#8220;{}&#8220; sticky_transition=&#8220;on&#8220;]<\/p>\n<p>Der Preis gilt pro \u00dcbernachtung, bei Belegung von <strong>vier Personen<\/strong>. Endreinigung inbegriffen. Alle Preisangaben inkl. ges. MwSt.<\/p>\n<p>[\/et_pb_pricing_table][\/et_pb_pricing_tables][\/et_pb_column][\/et_pb_row][et_pb_row _builder_version=&#8220;4.18.0&#8243; _module_preset=&#8220;default&#8220; global_colors_info=&#8220;{}&#8220;][et_pb_column type=&#8220;4_4&#8243; _builder_version=&#8220;4.18.0&#8243; _module_preset=&#8220;default&#8220; global_colors_info=&#8220;{}&#8220;][et_pb_text _builder_version=&#8220;4.18.0&#8243; _module_preset=&#8220;default&#8220; locked=&#8220;off&#8220; global_colors_info=&#8220;{}&#8220;]<\/p>\n<h2><strong>Zusatzinformationen<br \/><\/strong><\/h2>\n<p>[\/et_pb_text][\/et_pb_column][\/et_pb_row][et_pb_row column_structure=&#8220;1_4,1_4,1_4,1_4&#8243; _builder_version=&#8220;4.18.0&#8243; _module_preset=&#8220;default&#8220; min_height=&#8220;500px&#8220; global_colors_info=&#8220;{}&#8220;][et_pb_column type=&#8220;1_4&#8243; _builder_version=&#8220;4.18.0&#8243; _module_preset=&#8220;default&#8220; global_colors_info=&#8220;{}&#8220;][et_pb_blurb title=&#8220;Hunde&#8220; use_icon=&#8220;on&#8220; font_icon=&#8220;&#xf6d3;||fa||900&#8243; icon_color=&#8220;#12876F&#8220; _builder_version=&#8220;4.18.0&#8243; _module_preset=&#8220;default&#8220; header_font=&#8220;|600|||||||&#8220; background_color=&#8220;#FFFFFF&#8220; custom_padding=&#8220;14px|9px|10px|9px|false|false&#8220; border_radii=&#8220;on|12px|12px|12px|12px&#8220; locked=&#8220;off&#8220; global_colors_info=&#8220;{}&#8220;]<\/p>\n<p style=\"text-align: justify;\">Hunde sind nach vorheriger Absprache willkommen. Je \u00dcbernachtung berechnen wir<strong> 2,-EURO<\/strong> (inkl. MwSt.) je Tier.<\/p>\n<p style=\"text-align: justify;\">\n<p>[\/et_pb_blurb][\/et_pb_column][et_pb_column type=&#8220;1_4&#8243; _builder_version=&#8220;4.18.0&#8243; _module_preset=&#8220;default&#8220; global_colors_info=&#8220;{}&#8220;][et_pb_blurb title=&#8220;Zustellbett&#8220; use_icon=&#8220;on&#8220; font_icon=&#8220;&#xf236;||fa||900&#8243; icon_color=&#8220;#12876F&#8220; _builder_version=&#8220;4.18.0&#8243; _module_preset=&#8220;default&#8220; header_font=&#8220;|600|||||||&#8220; background_color=&#8220;#FFFFFF&#8220; custom_padding=&#8220;14px|9px|10px|9px|false|false&#8220; border_radii=&#8220;on|12px|12px|12px|12px&#8220; locked=&#8220;off&#8220; global_colors_info=&#8220;{}&#8220;]<\/p>\n<p style=\"text-align: justify;\">Ein <strong>Zustellbett f\u00fcr Kinder<\/strong> steht unseren kleinen G\u00e4sten selbstverst\u00e4ndlich kostenlos zur Verf\u00fcgung.<\/p>\n<p style=\"text-align: justify;\">\n<p>[\/et_pb_blurb][\/et_pb_column][et_pb_column type=&#8220;1_4&#8243; _builder_version=&#8220;4.18.0&#8243; _module_preset=&#8220;default&#8220; global_colors_info=&#8220;{}&#8220;][et_pb_blurb title=&#8220;Nichtraucherwohnung&#8220; use_icon=&#8220;on&#8220; font_icon=&#8220;&#xf54d;||fa||900&#8243; icon_color=&#8220;#12876F&#8220; _builder_version=&#8220;4.18.0&#8243; _module_preset=&#8220;default&#8220; header_font=&#8220;|600|||||||&#8220; background_color=&#8220;#FFFFFF&#8220; custom_padding=&#8220;14px|9px|10px|9px|false|false&#8220; border_radii=&#8220;on|12px|12px|12px|12px&#8220; locked=&#8220;off&#8220; global_colors_info=&#8220;{}&#8220;]<\/p>\n<p style=\"text-align: justify;\">In den R\u00e4umen der Ferienwohnung ist das <strong>Rauchen nicht erlaubt<\/strong>.<\/p>\n<p style=\"text-align: justify;\">\n<p style=\"text-align: justify;\">\n<p style=\"text-align: justify;\">\n<p>[\/et_pb_blurb][\/et_pb_column][et_pb_column type=&#8220;1_4&#8243; _builder_version=&#8220;4.18.0&#8243; _module_preset=&#8220;default&#8220; global_colors_info=&#8220;{}&#8220;][et_pb_blurb title=&#8220;Heizkosten&#8220; use_icon=&#8220;on&#8220; font_icon=&#8220;&#xf7e4;||fa||900&#8243; icon_color=&#8220;#12876F&#8220; _builder_version=&#8220;4.18.0&#8243; _module_preset=&#8220;default&#8220; header_font=&#8220;|600|||||||&#8220; background_color=&#8220;#FFFFFF&#8220; custom_padding=&#8220;14px|9px|10px|9px|false|false&#8220; border_radii=&#8220;on|12px|12px|12px|12px&#8220; locked=&#8220;off&#8220; global_colors_info=&#8220;{}&#8220;]<\/p>\n<p style=\"text-align: justify;\">Im\u00a0 Zeitraum <strong>Oktober bis April<\/strong> werden zus\u00e4tzlich <strong>Heizkosten<\/strong> berechnet.<\/p>\n<p style=\"text-align: justify;\">\n<p style=\"text-align: justify;\">\n<p style=\"text-align: justify;\">[\/et_pb_blurb][\/et_pb_column][\/et_pb_row][\/et_pb_section]<\/p>\n","protected":false},"excerpt":{"rendered":"<p>Preis\u00fcbersichtNachstehend finden Sie unsere aktuelle Preis\u00fcbersicht. Die angegebenen Preise beinhalten die ges. MwSt.F\u00fcr Buchungsanfragen nutzen Sie bitte unser Kontaktformular\u00a0 oder rufen Sie uns einfach an:Telefon: 0049 5255 6975\u00a0 &#8211;\u00a0 Mobil: 0049 151 57444925Der Preis gilt pro \u00dcbernachtung, bei Belegung einer Einzelperson. Endreinigung inbegriffen. Alle Preisangaben inkl. ges. MwSt.Der Preis gilt pro \u00dcbernachtung, bei Belegung von [&hellip;]<\/p>\n","protected":false},"author":2,"featured_media":0,"parent":19,"menu_order":0,"comment_status":"closed","ping_status":"closed","template":"","meta":{"_et_pb_use_builder":"on","_et_pb_old_content":"","_et_gb_content_width":"","footnotes":""},"class_list":["post-317","page","type-page","status-publish","hentry"],"_links":{"self":[{"href":"https:\/\/schuenemann-ferienwohnung.de\/index.php\/wp-json\/wp\/v2\/pages\/317","targetHints":{"allow":["GET"]}}],"collection":[{"href":"https:\/\/schuenemann-ferienwohnung.de\/index.php\/wp-json\/wp\/v2\/pages"}],"about":[{"href":"https:\/\/schuenemann-ferienwohnung.de\/index.php\/wp-json\/wp\/v2\/types\/page"}],"author":[{"embeddable":true,"href":"https:\/\/schuenemann-ferienwohnung.de\/index.php\/wp-json\/wp\/v2\/users\/2"}],"replies":[{"embeddable":true,"href":"https:\/\/schuenemann-ferienwohnung.de\/index.php\/wp-json\/wp\/v2\/comments?post=317"}],"version-history":[{"count":48,"href":"https:\/\/schuenemann-ferienwohnung.de\/index.php\/wp-json\/wp\/v2\/pages\/317\/revisions"}],"predecessor-version":[{"id":1147,"href":"https:\/\/schuenemann-ferienwohnung.de\/index.php\/wp-json\/wp\/v2\/pages\/317\/revisions\/1147"}],"up":[{"embeddable":true,"href":"https:\/\/schuenemann-ferienwohnung.de\/index.php\/wp-json\/wp\/v2\/pages\/19"}],"wp:attachment":[{"href":"https:\/\/schuenemann-ferienwohnung.de\/index.php\/wp-json\/wp\/v2\/media?parent=317"}],"curies":[{"name":"wp","href":"https:\/\/api.w.org\/{rel}","templated":true}]}}