{"id":7,"date":"2022-09-28T12:21:04","date_gmt":"2022-09-28T12:21:04","guid":{"rendered":"https:\/\/schuenemann-ferienwohnung.de\/?page_id=7"},"modified":"2022-11-03T15:27:10","modified_gmt":"2022-11-03T15:27:10","slug":"lage-und-anfahrt","status":"publish","type":"page","link":"https:\/\/schuenemann-ferienwohnung.de\/index.php\/lage-und-anfahrt\/","title":{"rendered":"Lage und Anfahrt"},"content":{"rendered":"<p>[et_pb_section fb_built=&#8220;1&#8243; _builder_version=&#8220;4.18.0&#8243; _module_preset=&#8220;default&#8220; background_color=&#8220;rgba(200,219,146,0.52)&#8220; background_enable_mask_style=&#8220;on&#8220; background_mask_style=&#8220;wave&#8220; background_mask_color=&#8220;rgba(167,206,105,0.63)&#8220; background_mask_transform=&#8220;invert&#8220; background_mask_aspect_ratio=&#8220;portrait&#8220; background_mask_blend_mode=&#8220;overlay&#8220; custom_margin=&#8220;||50px|||&#8220; global_colors_info=&#8220;{}&#8220;][et_pb_row _builder_version=&#8220;4.18.0&#8243; _module_preset=&#8220;default&#8220; global_colors_info=&#8220;{}&#8220;][et_pb_column type=&#8220;4_4&#8243; _builder_version=&#8220;4.18.0&#8243; _module_preset=&#8220;default&#8220; global_colors_info=&#8220;{}&#8220;][et_pb_text _builder_version=&#8220;4.18.0&#8243; _module_preset=&#8220;default&#8220; custom_margin=&#8220;|||0px|false|false&#8220; custom_padding=&#8220;0px||||false|false&#8220; global_colors_info=&#8220;{}&#8220;]<\/p>\n<h1><strong>Lage und Anfahrt<\/strong><\/h1>\n<p>[\/et_pb_text][\/et_pb_column][\/et_pb_row][et_pb_row column_structure=&#8220;2_5,3_5&#8243; _builder_version=&#8220;4.18.0&#8243; _module_preset=&#8220;default&#8220; min_height=&#8220;596px&#8220; custom_padding=&#8220;||0px|||&#8220; global_colors_info=&#8220;{}&#8220;][et_pb_column type=&#8220;2_5&#8243; _builder_version=&#8220;4.18.0&#8243; _module_preset=&#8220;default&#8220; global_colors_info=&#8220;{}&#8220;][et_pb_blurb title=&#8220;Hier sind wir zu finden!&#8220; alt=&#8220;Altenbeen&#8220; image_icon_width=&#8220;100%&#8220; icon_alignment=&#8220;left&#8220; _builder_version=&#8220;4.18.0&#8243; _module_preset=&#8220;default&#8220; header_font=&#8220;|600|||||||&#8220; header_text_color=&#8220;#474747&#8243; header_font_size=&#8220;22px&#8220; body_font_size=&#8220;20px&#8220; body_line_height=&#8220;1.9em&#8220; animation_style=&#8220;zoom&#8220; border_radii=&#8220;on|10px|10px|10px|10px&#8220; global_colors_info=&#8220;{}&#8220; title__hover_enabled=&#8220;off|desktop&#8220;]<\/p>\n<p style=\"text-align: left;\">Die\u00a0 **Ferienwohnung Sch\u00fcnemann finden Sie in:<br \/>33184 Altenbeken, Schwarzer Weg 8.<\/p>\n<p>[\/et_pb_blurb][\/et_pb_column][et_pb_column type=&#8220;3_5&#8243; _builder_version=&#8220;4.18.0&#8243; _module_preset=&#8220;default&#8220; global_colors_info=&#8220;{}&#8220;][et_pb_image src=&#8220;https:\/\/schuenemann-ferienwohnung.de\/wp-content\/uploads\/2022\/10\/aussicht.png&#8220; alt=&#8220;Aussicht auf Altenbeken&#8220; title_text=&#8220;Aussicht auf Altenbeken&#8220; _builder_version=&#8220;4.18.0&#8243; _module_preset=&#8220;default&#8220; width=&#8220;80%&#8220; module_alignment=&#8220;right&#8220; border_radii=&#8220;on|10px|10px|10px|10px&#8220; global_colors_info=&#8220;{}&#8220;][\/et_pb_image][\/et_pb_column][\/et_pb_row][et_pb_row _builder_version=&#8220;4.18.0&#8243; _module_preset=&#8220;default&#8220; min_height=&#8220;500px&#8220; custom_margin=&#8220;0px|auto||auto|false|false&#8220; custom_padding=&#8220;5px||0px|||&#8220; global_colors_info=&#8220;{}&#8220;][et_pb_column type=&#8220;4_4&#8243; _builder_version=&#8220;4.18.0&#8243; _module_preset=&#8220;default&#8220; global_colors_info=&#8220;{}&#8220;][et_pb_code _builder_version=&#8220;4.18.0&#8243; _module_preset=&#8220;default&#8220; width=&#8220;100%&#8220; max_width=&#8220;100%&#8220; module_alignment=&#8220;center&#8220; height=&#8220;582px&#8220; custom_padding=&#8220;||0px|||&#8220; global_colors_info=&#8220;{}&#8220;]<div class=\"leaflet-map WPLeafletMap\" style=\"height:600px; width:100%;\"><\/div><script>\nwindow.WPLeafletMapPlugin = window.WPLeafletMapPlugin || [];\nwindow.WPLeafletMapPlugin.push(function WPLeafletMapShortcode() {\/*<script>*\/\nvar baseUrl = atob('aHR0cHM6Ly90aWxlcy5oZWdnZW1hbm5tZWRpZW4tbWFwcy5kZS90aWxlL3t6fS97eH0ve3l9LnBuZw==');\nvar base = (!baseUrl && window.MQ) ?\n    window.MQ.mapLayer() : L.tileLayer(baseUrl,\n        L.Util.extend({}, {\n            detectRetina: 1,\n        },\n        {\"subdomains\":\"abc\",\"noWrap\":false,\"maxZoom\":20}        )\n    );\n    var options = L.Util.extend({}, {\n        layers: [base],\n        attributionControl: false\n    },\n    {\"zoomControl\":true,\"scrollWheelZoom\":false,\"doubleClickZoom\":false,\"fitBounds\":false,\"minZoom\":0,\"maxZoom\":20,\"maxBounds\":null,\"attribution\":\"<a href=\\\"http:\\\/\\\/leafletjs.com\\\" title=\\\"Eine Javascript-Bibliothek f\\u00fcr interaktive Karten\\\">Leaflet<\\\/a>; \\u00a9 <a href=\\\"http:\\\/\\\/www.openstreetmap.org\\\/copyright\\\">OpenStreetMap<\\\/a> Mitwirkende\"},\n    {});\nwindow.WPLeafletMapPlugin.createMap(options).setView([51.765534171859,8.9464565123242],18);});<\/script> <script>\nwindow.WPLeafletMapPlugin = window.WPLeafletMapPlugin || [];\nwindow.WPLeafletMapPlugin.push(function WPLeafletMarkerShortcode() {\/*<script>*\/\nvar map = window.WPLeafletMapPlugin.getCurrentMap();\nvar group = window.WPLeafletMapPlugin.getCurrentGroup();\nvar marker_options = window.WPLeafletMapPlugin.getIconOptions({});\nvar marker = L.marker(\n    [0,0],\n    marker_options\n);\nvar is_image = map.is_image_map;\n    marker.setLatLng( map.getCenter() );\nif (marker_options.draggable) {\n    marker.on('dragend', function () {\n        var latlng = this.getLatLng();\n        var lat = latlng.lat;\n        var lng = latlng.lng;\n        if (is_image) {\n            console.log('leaflet-marker y=' + lat + ' x=' + lng);\n        } else {\n            console.log('leaflet-marker lat=' + lat + ' lng=' + lng);\n        }\n    });\n}\nmarker.addTo( group );\nwindow.WPLeafletMapPlugin.markers.push( marker );\n        });<\/script>[\/et_pb_code][\/et_pb_column][\/et_pb_row][et_pb_row _builder_version=&#8220;4.18.0&#8243; _module_preset=&#8220;default&#8220; global_colors_info=&#8220;{}&#8220;][et_pb_column type=&#8220;4_4&#8243; _builder_version=&#8220;4.18.0&#8243; _module_preset=&#8220;default&#8220; global_colors_info=&#8220;{}&#8220;][et_pb_divider color=&#8220;#12876f&#8220; _builder_version=&#8220;4.18.0&#8243; _module_preset=&#8220;default&#8220; global_colors_info=&#8220;{}&#8220;][\/et_pb_divider][\/et_pb_column][\/et_pb_row][et_pb_row column_structure=&#8220;1_4,1_4,1_4,1_4&#8243; _builder_version=&#8220;4.18.0&#8243; _module_preset=&#8220;default&#8220; min_height=&#8220;662.2px&#8220; custom_margin=&#8220;|auto|-71px|auto||&#8220; custom_padding=&#8220;||189px|||&#8220; global_colors_info=&#8220;{}&#8220;][et_pb_column type=&#8220;1_4&#8243; _builder_version=&#8220;4.18.0&#8243; _module_preset=&#8220;default&#8220; global_colors_info=&#8220;{}&#8220;][et_pb_blurb title=&#8220;Anreise mit dem Auto&#8220; use_icon=&#8220;on&#8220; font_icon=&#8220;&#xf5e4;||fa||900&#8243; icon_color=&#8220;#12876F&#8220; _builder_version=&#8220;4.18.0&#8243; _module_preset=&#8220;default&#8220; header_font=&#8220;|600|||||||&#8220; global_colors_info=&#8220;{}&#8220;]<\/p>\n<p style=\"text-align: justify;\">Wenn Sie mit dem Auto anreisen, erreichen Sie unsere Ferienwohnung in Alltenbeken \u00fcber die Burgstra\u00dfe. Altenbeken ist gut an die Fernstra\u00dfen B64 und die Autobahnen A44 und A33 angebunden. Die Landesstra\u00dfe L 828 und L755 durchqueren Altenbeken. Unter der Karte finden Sie einen Routenplaner f\u00fcr eine genaue Berechnung Ihrer Anreise.<\/p>\n<p>[\/et_pb_blurb][\/et_pb_column][et_pb_column type=&#8220;1_4&#8243; _builder_version=&#8220;4.18.0&#8243; _module_preset=&#8220;default&#8220; global_colors_info=&#8220;{}&#8220;][et_pb_blurb title=&#8220;Anreise mit der Bahn&#8220; use_icon=&#8220;on&#8220; font_icon=&#8220;&#xf239;||fa||900&#8243; icon_color=&#8220;#12876F&#8220; _builder_version=&#8220;4.18.0&#8243; _module_preset=&#8220;default&#8220; header_font=&#8220;|600|||||||&#8220; global_colors_info=&#8220;{}&#8220;]<\/p>\n<p style=\"text-align: justify;\">Der <a href=\"https:\/\/www.bahnhof.de\/bahnhof-de\/bahnhof\/Altenbeken-1025020\" target=\"_blank\" rel=\"noopener\" title=\"Bahnhof Altenbeken\"><strong>Bahnhof Altenbeken<\/strong><\/a> ist ein wichtiger Knotenpunkt.<br \/>Hier halten die Z\u00fcge des Fernverkehrs der Linien D\u00fcsseldorf\u2013Hamm\u2013Kassel\u2013Erfurt\u2013Leipzig\u2013Dresden und D\u00fcsseldorf &#8211; Hamm\u2013Kassel\u2013M\u00fcnchen.<br \/>Folgende Regionalbahnen halten ebenfalls in Altenbeken: die RB 72 &#8211; Ostwestfalenbahn, die RE 82 &#8211; Der Leineweber, die RB 84 Egge-Bahn, die RB 89 &#8211; Ems-B\u00f6rde-Bahn und die S5, eine S-Bahn Linie des Regionalverkehrs Hannover.<\/p>\n<p>[\/et_pb_blurb][\/et_pb_column][et_pb_column type=&#8220;1_4&#8243; _builder_version=&#8220;4.18.0&#8243; _module_preset=&#8220;default&#8220; global_colors_info=&#8220;{}&#8220;][et_pb_blurb title=&#8220;Anreise mit dem Bus&#8220; use_icon=&#8220;on&#8220; font_icon=&#8220;&#xf55e;||fa||900&#8243; icon_color=&#8220;#12876F&#8220; _builder_version=&#8220;4.18.0&#8243; _module_preset=&#8220;default&#8220; header_font=&#8220;|600|||||||&#8220; global_colors_info=&#8220;{}&#8220;]<\/p>\n<p style=\"text-align: justify;\">Die Buslinie 431 f\u00e4hrt werkstags im Stundentakt und bedient die Strecke Bad-Driburg &#8211; Altenbeken &#8211; Paderborn.<\/p>\n<p>[\/et_pb_blurb][\/et_pb_column][et_pb_column type=&#8220;1_4&#8243; _builder_version=&#8220;4.18.0&#8243; _module_preset=&#8220;default&#8220; global_colors_info=&#8220;{}&#8220;][et_pb_blurb title=&#8220;Anreise mit dem Flugzeug&#8220; use_icon=&#8220;on&#8220; font_icon=&#8220;&#xf072;||fa||900&#8243; icon_color=&#8220;#12876F&#8220; _builder_version=&#8220;4.18.0&#8243; _module_preset=&#8220;default&#8220; header_font=&#8220;|600|||||||&#8220; global_colors_info=&#8220;{}&#8220;]<\/p>\n<p style=\"text-align: justify;\">In 30 km Entfernung liegt der Flughafen <a href=\"https:\/\/www.airport-pad.com\/de\/\" target=\"_blank\" rel=\"noopener\" title=\"Flughafen PB\/ Lippstadt\"><strong>Paderborn\/Lippstadt<\/strong><\/a>. Der Flughafen <a href=\"https:\/\/www.hannover-airport.de\/informationen-fuer-fluggaeste-und-besucher\" target=\"_blank\" rel=\"noopener\" title=\"Flughafen Hannover\"><strong>Hannover<\/strong><\/a> ist direkt mit der S5 ab Altenbeken erreichbar.<\/p>\n<p>[\/et_pb_blurb][\/et_pb_column][\/et_pb_row][\/et_pb_section]<\/p>\n","protected":false},"excerpt":{"rendered":"<p>Lage und AnfahrtDie\u00a0 **Ferienwohnung Sch\u00fcnemann finden Sie in:33184 Altenbeken, Schwarzer Weg 8.<div class=\"leaflet-map WPLeafletMap\" style=\"height:600px; width:100%;\"><\/div><script>\nwindow.WPLeafletMapPlugin = window.WPLeafletMapPlugin || [];\nwindow.WPLeafletMapPlugin.push(function WPLeafletMapShortcode() {\/*<script>*\/\nvar baseUrl = atob('aHR0cHM6Ly90aWxlcy5oZWdnZW1hbm5tZWRpZW4tbWFwcy5kZS90aWxlL3t6fS97eH0ve3l9LnBuZw==');\nvar base = (!baseUrl && window.MQ) ?\n    window.MQ.mapLayer() : L.tileLayer(baseUrl,\n        L.Util.extend({}, {\n            detectRetina: 1,\n        },\n        {\"subdomains\":\"abc\",\"noWrap\":false,\"maxZoom\":20}        )\n    );\n    var options = L.Util.extend({}, {\n        layers: [base],\n        attributionControl: false\n    },\n    {\"zoomControl\":true,\"scrollWheelZoom\":false,\"doubleClickZoom\":false,\"fitBounds\":false,\"minZoom\":0,\"maxZoom\":20,\"maxBounds\":null,\"attribution\":\"<a href=\\\"http:\\\/\\\/leafletjs.com\\\" title=\\\"Eine Javascript-Bibliothek f\\u00fcr interaktive Karten\\\">Leaflet<\\\/a>; \\u00a9 <a href=\\\"http:\\\/\\\/www.openstreetmap.org\\\/copyright\\\">OpenStreetMap<\\\/a> Mitwirkende\"},\n    {});\nwindow.WPLeafletMapPlugin.createMap(options).setView([51.765534171859,8.9464565123242],18);});<\/script> <script>\nwindow.WPLeafletMapPlugin = window.WPLeafletMapPlugin || [];\nwindow.WPLeafletMapPlugin.push(function WPLeafletMarkerShortcode() {\/*<script>*\/\nvar map = window.WPLeafletMapPlugin.getCurrentMap();\nvar group = window.WPLeafletMapPlugin.getCurrentGroup();\nvar marker_options = window.WPLeafletMapPlugin.getIconOptions({});\nvar marker = L.marker(\n    [0,0],\n    marker_options\n);\nvar is_image = map.is_image_map;\n    marker.setLatLng( map.getCenter() );\nif (marker_options.draggable) {\n    marker.on('dragend', function () {\n        var latlng = this.getLatLng();\n        var lat = latlng.lat;\n        var lng = latlng.lng;\n        if (is_image) {\n            console.log('leaflet-marker y=' + lat + ' x=' + lng);\n        } else {\n            console.log('leaflet-marker lat=' + lat + ' lng=' + lng);\n        }\n    });\n}\nmarker.addTo( group );\nwindow.WPLeafletMapPlugin.markers.push( marker );\n        });<\/script>Wenn Sie mit dem Auto anreisen, erreichen Sie unsere Ferienwohnung in Alltenbeken \u00fcber die Burgstra\u00dfe. Altenbeken ist gut an die Fernstra\u00dfen B64 und die Autobahnen A44 und A33 angebunden. Die Landesstra\u00dfe L 828 und L755 durchqueren Altenbeken. Unter der Karte finden Sie einen [&hellip;]<\/p>\n","protected":false},"author":2,"featured_media":0,"parent":0,"menu_order":0,"comment_status":"closed","ping_status":"closed","template":"","meta":{"_et_pb_use_builder":"on","_et_pb_old_content":"","_et_gb_content_width":"","footnotes":""},"class_list":["post-7","page","type-page","status-publish","hentry"],"_links":{"self":[{"href":"https:\/\/schuenemann-ferienwohnung.de\/index.php\/wp-json\/wp\/v2\/pages\/7","targetHints":{"allow":["GET"]}}],"collection":[{"href":"https:\/\/schuenemann-ferienwohnung.de\/index.php\/wp-json\/wp\/v2\/pages"}],"about":[{"href":"https:\/\/schuenemann-ferienwohnung.de\/index.php\/wp-json\/wp\/v2\/types\/page"}],"author":[{"embeddable":true,"href":"https:\/\/schuenemann-ferienwohnung.de\/index.php\/wp-json\/wp\/v2\/users\/2"}],"replies":[{"embeddable":true,"href":"https:\/\/schuenemann-ferienwohnung.de\/index.php\/wp-json\/wp\/v2\/comments?post=7"}],"version-history":[{"count":53,"href":"https:\/\/schuenemann-ferienwohnung.de\/index.php\/wp-json\/wp\/v2\/pages\/7\/revisions"}],"predecessor-version":[{"id":1138,"href":"https:\/\/schuenemann-ferienwohnung.de\/index.php\/wp-json\/wp\/v2\/pages\/7\/revisions\/1138"}],"wp:attachment":[{"href":"https:\/\/schuenemann-ferienwohnung.de\/index.php\/wp-json\/wp\/v2\/media?parent=7"}],"curies":[{"name":"wp","href":"https:\/\/api.w.org\/{rel}","templated":true}]}}